{"id":17297,"date":"2025-04-10T11:44:31","date_gmt":"2025-04-10T09:44:31","guid":{"rendered":"https:\/\/69nord.com\/join-our-team\/guide-norvege-sommaroy-raid-semaine-hobie-kayak-voile-rando-bivouac\/"},"modified":"2025-04-11T09:51:39","modified_gmt":"2025-04-11T07:51:39","slug":"guide-norway-sommaroy-hobie-kayak-weekly-trip-hiking-camping-and-sailing","status":"publish","type":"page","link":"https:\/\/69nord.com\/en\/join-our-team\/guide-norway-sommaroy-hobie-kayak-weekly-trip-hiking-camping-and-sailing\/","title":{"rendered":"Guide Norway Sommar\u00f8y Hobie kayak weekly trip, hiking, camping and sailing."},"content":{"rendered":"<h2 style=\"text-align: center;\"><strong>69Nord Sommar\u00f8y Outdoor Center recruits independent guides on request to supervise the <a href=\"https:\/\/69nord.com\/en\/produit\/hiking-camping-and-sailing-with-hobie-kayaks-sommaroy-tromso\/\">weekly Hobie summer kayaking trips<\/a><\/strong><\/h2>\n<p>&nbsp;<\/p>\n<p><img fetchpriority=\"high\" decoding=\"async\" class=\" wp-image-14742 aligncenter\" src=\"https:\/\/69nord.com\/wp-content\/uploads\/2022\/11\/IMG_6280-300x225.jpeg\" alt=\"\" width=\"547\" height=\"410\" srcset=\"https:\/\/69nord.com\/wp-content\/uploads\/2022\/11\/IMG_6280-300x225.jpeg 300w, https:\/\/69nord.com\/wp-content\/uploads\/2022\/11\/IMG_6280-768x576.jpeg 768w, https:\/\/69nord.com\/wp-content\/uploads\/2022\/11\/IMG_6280-600x450.jpeg 600w, https:\/\/69nord.com\/wp-content\/uploads\/2022\/11\/IMG_6280.jpeg 1024w\" sizes=\"(max-width: 547px) 100vw, 547px\" \/><\/p>\n<h3><strong><span class=\" \" data-bm=\"458\">JOB<\/span> <span class=\" \" data-bm=\"460\">DEFINITION<\/span><\/strong><span data-bm=\"3739\"><br \/>\n<\/span><\/h3>\n<p><span data-bm=\"3739\"><br \/>\n<\/span><span class=\"\" data-bm=\"462\">You<\/span> <span class=\" \" data-bm=\"464\">will<\/span> <span class=\" \" data-bm=\"466\">supervise<\/span> <span class=\" \" data-bm=\"468\">our<\/span> <span class=\"\" data-bm=\"470\">Hobie<\/span> <span class=\"\" data-bm=\"472\">kayak<\/span> trip<span class=\"\" data-bm=\"474\">s<\/span> <span class=\" \" data-bm=\"476\">designed<\/span> <span class=\"\" data-bm=\"478\">for<\/span> <span class=\" \" data-bm=\"480\">groups<\/span> <span class=\"\" data-bm=\"482\">of<\/span> <span class=\"\" data-bm=\"484\">8<\/span> <span class=\"\" data-bm=\"486\">people<\/span> <span class=\"\" data-bm=\"488\">over<\/span> <span class=\"\" data-bm=\"490\">one<\/span> <span class=\" \" data-bm=\"492\">or<\/span> <span class=\"\" data-bm=\"494\">two<\/span> <span class=\" \" data-bm=\"496\">weeks<\/span><span class=\"\" data-bm=\"497\">.<\/span> <span class=\"\" data-bm=\"499\">Your<\/span> <span class=\"\" data-bm=\"501\">arrival<\/span> <span class=\"\" data-bm=\"503\">will<\/span> <span class=\"\" data-bm=\"505\">be<\/span> <span class=\"\" data-bm=\"507\">two<\/span> <span class=\"\" data-bm=\"509\">or<\/span> <span class=\" \" data-bm=\"511\">three<\/span> <span class=\" \" data-bm=\"513\">days<\/span> <span class=\" \" data-bm=\"515\">before<\/span> <span class=\" \" data-bm=\"517\">the<\/span> <span class=\"\" data-bm=\"519\">arrival<\/span> <span class=\"\" data-bm=\"521\">of<\/span> <span class=\"\" data-bm=\"523\">the<\/span> <span class=\"\" data-bm=\"525\">group<\/span> <span class=\" \" data-bm=\"527\">to<\/span> <span class=\"\" data-bm=\"529\">be<\/span> <span class=\" \" data-bm=\"531\">able<\/span> <span class=\"\" data-bm=\"533\">to<\/span> <span class=\"\" data-bm=\"535\">do<\/span> <span class=\" \" data-bm=\"537\">the<\/span> <span class=\"\" data-bm=\"539\">shopping<\/span> <span class=\"\" data-bm=\"541\">and<\/span> <span class=\" \" data-bm=\"543\">prepare<\/span> <span class=\"\" data-bm=\"545\">the<\/span> <span class=\" \" data-bm=\"547\">equipment<\/span><span class=\"\" data-bm=\"548\">.<\/span> <span class=\"\" data-bm=\"550\">The<\/span><span data-bm=\"3783\"> same <\/span><span class=\"\" data-bm=\"552\">goes<\/span> <span class=\" \" data-bm=\"554\">for<\/span> <span class=\" \" data-bm=\"556\">your<\/span> <span class=\" \" data-bm=\"558\">departure<\/span> <span class=\"\" data-bm=\"560\">so<\/span> <span class=\"\" data-bm=\"562\">that<\/span> <span class=\"\" data-bm=\"564\">the<\/span> <span class=\"\" data-bm=\"566\">equipment<\/span> <span class=\" \" data-bm=\"568\">used<\/span> <span class=\" \" data-bm=\"570\">is<\/span> <span class=\"\" data-bm=\"572\">checked<\/span><span class=\"\" data-bm=\"573\">,<\/span> <span class=\"\" data-bm=\"575\">cleaned<\/span><span class=\"\" data-bm=\"576\">,<\/span> <span class=\"\" data-bm=\"578\">rinsed<\/span> <span class=\"\" data-bm=\"580\">and<\/span> <span class=\" \" data-bm=\"582\">dried<\/span> <span class=\" \" data-bm=\"584\">to<\/span> <span class=\"\" data-bm=\"586\">be<\/span> <span class=\" \" data-bm=\"588\">stored<\/span> <span class=\"\" data-bm=\"590\">cleanly<\/span><span class=\"\" data-bm=\"591\">.<\/span><span data-bm=\"3802\"><br \/>\n<\/span><span class=\" \" data-bm=\"593\">This<\/span> <span class=\" \" data-bm=\"595\">position<\/span> <span class=\" \" data-bm=\"597\">with<\/span> <span class=\"\" data-bm=\"599\">occasional<\/span> <span class=\"\" data-bm=\"601\">missions<\/span> <span class=\"\" data-bm=\"603\">is<\/span> <span class=\"\" data-bm=\"605\">ideal<\/span> <span class=\" \" data-bm=\"607\">for<\/span> <span class=\" \" data-bm=\"609\">teachers<\/span> <span class=\"\" data-bm=\"611\">on<\/span> <span class=\"\" data-bm=\"613\">summer<\/span> <span class=\"\" data-bm=\"615\">holidays<\/span> <span class=\"\" data-bm=\"617\">who<\/span> <span class=\" \" data-bm=\"619\">have<\/span> <span class=\"\" data-bm=\"621\">the<\/span> <span class=\" \" data-bm=\"623\">necessary<\/span> <span class=\"\" data-bm=\"625\">diplomas<\/span> <span class=\"\" data-bm=\"627\">to<\/span> <span class=\" \" data-bm=\"629\">supervise<\/span> <span class=\"\" data-bm=\"631\">the<\/span> <span class=\" \" data-bm=\"633\">activities<\/span> <span class=\"\" data-bm=\"635\">offered<\/span> <span class=\"\" data-bm=\"637\">in<\/span> <span class=\"\" data-bm=\"639\">our<\/span> Hobie kayaks trip<span class=\"\" data-bm=\"641\">s<\/span> <span class=\" \" data-bm=\"643\">and<\/span> <span class=\"\" data-bm=\"645\">who<\/span> <span class=\" \" data-bm=\"647\">may<\/span> <span class=\"\" data-bm=\"649\">be<\/span> <span class=\"\" data-bm=\"651\">covered<\/span> <span class=\"\" data-bm=\"653\">by<\/span> <span class=\"\" data-bm=\"655\">civil<\/span> <span class=\"\" data-bm=\"657\">liability<\/span><span class=\" \" data-bm=\"658\">.<\/span><span data-bm=\"3835\"><br \/>\n<\/span><span class=\"\" data-bm=\"660\">Groups<\/span> <span class=\" \" data-bm=\"662\">of<\/span> <span class=\"\" data-bm=\"664\">8<\/span> <span class=\" \" data-bm=\"666\">people<\/span> <span class=\"\" data-bm=\"668\">usually<\/span> <span class=\"\" data-bm=\"670\">book<\/span> <span class=\"\" data-bm=\"672\">a<\/span> <span class=\"\" data-bm=\"674\">few<\/span> <span class=\"\" data-bm=\"676\">months<\/span> <span class=\"\" data-bm=\"678\">in<\/span> <span class=\" \" data-bm=\"680\">advance<\/span><span class=\"\" data-bm=\"681\">.<\/span> <span class=\"\" data-bm=\"683\">We<\/span> <span class=\"\" data-bm=\"685\">will<\/span> <span class=\"\" data-bm=\"687\">let<\/span> <span class=\"\" data-bm=\"689\">you<\/span> <span class=\"\" data-bm=\"691\">know<\/span> <span class=\"\" data-bm=\"693\">the<\/span> <span class=\" \" data-bm=\"695\">dates<\/span> <span class=\" \" data-bm=\"697\">immediately<\/span> <span class=\" \" data-bm=\"699\">to<\/span> <span class=\"\" data-bm=\"701\">check<\/span> <span class=\"\" data-bm=\"703\">your<\/span> <span class=\" \" data-bm=\"705\">availability<\/span> <span class=\"\" data-bm=\"707\">for<\/span> <span class=\" \" data-bm=\"709\">the<\/span> <span class=\" \" data-bm=\"711\">period<\/span><span class=\" \" data-bm=\"712\">.<br \/>\n<\/span><span data-bm=\"3861\"><br \/>\n<\/span><\/p>\n<p><img decoding=\"async\" class=\"alignnone wp-image-16958 aligncenter\" src=\"https:\/\/69nord.com\/wp-content\/uploads\/2024\/12\/IMG_6224-300x225.jpeg\" alt=\"\" width=\"528\" height=\"396\" srcset=\"https:\/\/69nord.com\/wp-content\/uploads\/2024\/12\/IMG_6224-300x225.jpeg 300w, https:\/\/69nord.com\/wp-content\/uploads\/2024\/12\/IMG_6224-768x576.jpeg 768w, https:\/\/69nord.com\/wp-content\/uploads\/2024\/12\/IMG_6224-600x450.jpeg 600w, https:\/\/69nord.com\/wp-content\/uploads\/2024\/12\/IMG_6224.jpeg 1024w\" sizes=\"(max-width: 528px) 100vw, 528px\" \/><\/p>\n<h3><strong><span class=\" \">DESIRED<\/span> <span class=\"\">GUIDE<\/span> <span class=\" \">PROFILE<\/span><\/strong><\/h3>\n<p><span class=\" \">You<\/span> <span class=\"\">have<\/span> <span class=\"\">the<\/span> <span class=\"\">desired<\/span> <span class=\"\">profile<\/span> <span class=\" \">if<\/span> <span class=\" \">you<\/span><span class=\" tta_align\">:<\/span><\/p>\n<ul>\n<li>Have good experience of the sea, sailing, trips on the wild, tent bivouac and outdoor life.<\/li>\n<li>Know how to manage a group independently for several days in difficult conditions (cold, wind, rain, humidity).<\/li>\n<li>Enjoy walking and are able to design a hike by reading a map and observing the terrain.<\/li>\n<li>Nature (fauna, flora, geology) inspires you and makes you want to know it better.<\/li>\n<li>You are attentive to the environment and make sure to preserve it as much as possible.<\/li>\n<li>Have a sense of service, team and sharing.<\/li>\n<li>You are also independent and know how to take initiative when necessary.<\/li>\n<li>You know how to tinker and you are committed to the maintenance of the equipment at your disposal.<\/li>\n<li>Have a sense of responsibility.<\/li>\n<li>Are committed to follow the safety instructions and stick to the definition of outdoor products as designed by 69Nord\u00ae<\/li>\n<li>You can easily adapt to an existing structure.<\/li>\n<li><span class=\" \" data-bm=\"9096\">Love<\/span> <span class=\"\" data-bm=\"9098\">teamwork<\/span><span class=\"\" data-bm=\"9099\">,<\/span> <span class=\"\" data-bm=\"9101\">you<\/span> <span class=\"\" data-bm=\"9103\">do<\/span> <span class=\"\" data-bm=\"9105\">what<\/span> <span class=\" \" data-bm=\"9107\">you<\/span> <span class=\" \" data-bm=\"9109\">say<\/span> <span class=\" \" data-bm=\"9111\">and<\/span> <span class=\"\" data-bm=\"9113\">say<\/span> <span class=\" \" data-bm=\"9115\">what<\/span> <span class=\" \" data-bm=\"9117\">you<\/span> <span class=\" tta_align\" data-bm=\"9119\">do<\/span><span class=\" \" data-bm=\"9120\">.<\/span><\/li>\n<li><span class=\" \" data-bm=\"9244\">Understand<\/span> <span class=\"\" data-bm=\"9246\">and<\/span> <span class=\"\" data-bm=\"9248\">express<\/span> <span class=\" \" data-bm=\"9250\">yourself<\/span> <span class=\"\" data-bm=\"9252\">correctly<\/span> <span class=\"\" data-bm=\"9254\">in<\/span> <span class=\" tta_align\" data-bm=\"9256\">English<\/span><span class=\" \" data-bm=\"9257\">.<\/span><\/li>\n<\/ul>\n<p>If you do not recognize yourself in this profile, please do not apply. Northern Norway can be austere and wild even in the middle of summer. The values and skills set out above are essential and must be acquired to be able to live and provide our customers with an enriching experience. The acquisition of the specificities of the outdoors in high latitudes is only serene if the fundamentals are solid.<\/p>\n<p>If you recognize yourself in this profile, this position may be right for you. In this case, we will be happy to consider your application, which must include:<\/p>\n<p>Cover letter<br \/>\nCV<br \/>\nDiplomas<br \/>\nReferences with phone numbers<\/p>\n<h4><img decoding=\"async\" class=\"wp-image-16976 aligncenter\" src=\"https:\/\/69nord.com\/wp-content\/uploads\/2024\/12\/69Nord_Sommaroy_Outdoor_Center_author-David-MARLIEN_10156021946711633-300x200.jpeg\" alt=\"\" width=\"542\" height=\"361\" srcset=\"https:\/\/69nord.com\/wp-content\/uploads\/2024\/12\/69Nord_Sommaroy_Outdoor_Center_author-David-MARLIEN_10156021946711633-300x200.jpeg 300w, https:\/\/69nord.com\/wp-content\/uploads\/2024\/12\/69Nord_Sommaroy_Outdoor_Center_author-David-MARLIEN_10156021946711633-768x512.jpeg 768w, https:\/\/69nord.com\/wp-content\/uploads\/2024\/12\/69Nord_Sommaroy_Outdoor_Center_author-David-MARLIEN_10156021946711633-600x400.jpeg 600w, https:\/\/69nord.com\/wp-content\/uploads\/2024\/12\/69Nord_Sommaroy_Outdoor_Center_author-David-MARLIEN_10156021946711633.jpeg 1024w\" sizes=\"(max-width: 542px) 100vw, 542px\" \/><\/h4>\n<h4><\/h4>\n<h3><strong>DIPLOMAS REQUIRED<\/strong><strong style=\"font-size: 16px;\"><br \/>\n<\/strong><\/h3>\n<p>Guide for outdoor activities, sailing instructor, kayaking or other diplomas allowing you to supervise the activities of the Hobie kayak trips and to be covered by civil liability insurance.<\/p>\n<h3><strong>PERIOD<\/strong><strong style=\"font-size: 16px;\"><br \/>\n<\/strong><\/h3>\n<p>During the summer of 2025, our weekly Hobie kayak trips are offered from July 11 to August 14.<br \/>\nWe invite you to come forward now to prepare for the future. Even if the position was already filled, it will be an opportunity to anticipate for the future.<\/p>\n<h3><strong>ACTIVITY &amp; NAVIGATION AREA<\/strong><\/h3>\n<p>Country Norway, Troms region, <a href=\"https:\/\/www.norgeskart.no\/#!?project=seeiendom&amp;layers=1002,1015&amp;zoom=11&amp;lat=7727856.79&amp;lon=616854.73&amp;markerLat=7727856.789443323&amp;markerLon=616854.7339941872&amp;p=searchOptionsPanel&amp;sok=Sommar\u00f8yvegen\" target=\"_blank\" rel=\"noopener\">Senja Islands, Sommar\u00f8y archipelago, Tuss\u00f8ya, H\u00e5ja, Kval\u00f8ya, Vengs\u00f8ya, Ris\u00f8ya, Sand\u00f8ya<\/a><\/p>\n<h3><strong>CONTACT :<\/strong><\/h3>\n<p><a href=\"https:\/\/69nord.com\/en\/about\/olivier-pitras\/\">Olivier Pitras<\/a><br \/>\nEmail :\u00a0<a href=\"mailto:olivier@69nord.com\">olivier@69nord.com<\/a><br \/>\nMob : 00 47 993 62 570<br \/>\nSite :\u00a0<a href=\"https:\/\/69nord.com\/en\/\">www.69nord.com<\/a><\/p>\n<p>Remote interviews<br data-bm=\"9319\" \/><br data-bm=\"9320\" \/>The form below allows you to attach only one document. If your application includes more than one, please use the email address above.<br data-bm=\"9321\" \/><br data-bm=\"9322\" \/>All the best,<br \/>\nOlivier Pitras.<\/p>\n<p>&nbsp;<\/p>\n<p><img loading=\"lazy\" decoding=\"async\" class=\"size-full wp-image-8811 aligncenter\" src=\"http:\/\/69nord.com\/wp-content\/uploads\/2023\/01\/Sig-olivier-noire-epaissie-non-transparente-150x116-1.jpg\" alt=\"\" width=\"150\" height=\"116\" \/><\/p>\n<p>&nbsp;<\/p>\n<p>&nbsp;<\/p>\n<p>&nbsp;<\/p>\n<p><img loading=\"lazy\" decoding=\"async\" class=\"alignnone wp-image-16962 aligncenter\" src=\"https:\/\/69nord.com\/wp-content\/uploads\/2024\/12\/69nord-hero-by-david-marlien-300x200.jpg\" alt=\"\" width=\"579\" height=\"386\" srcset=\"https:\/\/69nord.com\/wp-content\/uploads\/2024\/12\/69nord-hero-by-david-marlien-300x200.jpg 300w, https:\/\/69nord.com\/wp-content\/uploads\/2024\/12\/69nord-hero-by-david-marlien-1024x683.jpg 1024w, https:\/\/69nord.com\/wp-content\/uploads\/2024\/12\/69nord-hero-by-david-marlien-768x512.jpg 768w, https:\/\/69nord.com\/wp-content\/uploads\/2024\/12\/69nord-hero-by-david-marlien-1320x880.jpg 1320w, https:\/\/69nord.com\/wp-content\/uploads\/2024\/12\/69nord-hero-by-david-marlien-600x400.jpg 600w, https:\/\/69nord.com\/wp-content\/uploads\/2024\/12\/69nord-hero-by-david-marlien.jpg 1440w\" sizes=\"(max-width: 579px) 100vw, 579px\" \/><\/p>\n<p>&nbsp;<\/p>\n<p>&nbsp;<\/p>\n","protected":false},"excerpt":{"rendered":"<p>69Nord Sommar\u00f8y Outdoor Center recruits independent guides on request to supervise the weekly Hobie summer kayaking trips &nbsp; JOB DEFINITION You will supervise our Hobie kayak trips designed for groups of 8 people over one or two weeks. Your arrival will be two or three days before the arrival of the group to be able [&hellip;]<\/p>\n","protected":false},"author":3,"featured_media":0,"parent":8821,"menu_order":0,"comment_status":"closed","ping_status":"closed","template":"","meta":{"_acf_changed":false,"inline_featured_image":false,"footnotes":""},"page_type":[],"class_list":["post-17297","page","type-page","status-publish","hentry"],"acf":[],"_links":{"self":[{"href":"https:\/\/69nord.com\/en\/wp-json\/wp\/v2\/pages\/17297","targetHints":{"allow":["GET"]}}],"collection":[{"href":"https:\/\/69nord.com\/en\/wp-json\/wp\/v2\/pages"}],"about":[{"href":"https:\/\/69nord.com\/en\/wp-json\/wp\/v2\/types\/page"}],"author":[{"embeddable":true,"href":"https:\/\/69nord.com\/en\/wp-json\/wp\/v2\/users\/3"}],"replies":[{"embeddable":true,"href":"https:\/\/69nord.com\/en\/wp-json\/wp\/v2\/comments?post=17297"}],"version-history":[{"count":6,"href":"https:\/\/69nord.com\/en\/wp-json\/wp\/v2\/pages\/17297\/revisions"}],"predecessor-version":[{"id":17317,"href":"https:\/\/69nord.com\/en\/wp-json\/wp\/v2\/pages\/17297\/revisions\/17317"}],"up":[{"embeddable":true,"href":"https:\/\/69nord.com\/en\/wp-json\/wp\/v2\/pages\/8821"}],"wp:attachment":[{"href":"https:\/\/69nord.com\/en\/wp-json\/wp\/v2\/media?parent=17297"}],"wp:term":[{"taxonomy":"page_type","embeddable":true,"href":"https:\/\/69nord.com\/en\/wp-json\/wp\/v2\/page_type?post=17297"}],"curies":[{"name":"wp","href":"https:\/\/api.w.org\/{rel}","templated":true}]}}