{"id":10675,"date":"2023-07-07T10:33:25","date_gmt":"2023-07-07T08:33:25","guid":{"rendered":"https:\/\/69nord.com\/?post_type=product&#038;p=10675"},"modified":"2025-09-10T19:29:51","modified_gmt":"2025-09-10T17:29:51","slug":"location-de-hobie-kayaks-sup-et-velos","status":"publish","type":"product","link":"https:\/\/69nord.com\/en\/produit\/location-de-hobie-kayaks-sup-et-velos\/","title":{"rendered":"Location  de Hobie kayaks, SUP et v\u00e9los"},"content":{"rendered":"\t\t<div data-elementor-type=\"product-post\" data-elementor-id=\"10675\" class=\"elementor elementor-10675\" data-elementor-post-type=\"product\">\n\t\t\t\t\t\t\t\t\t<section class=\"elementor-section elementor-top-section elementor-element elementor-element-5b5cac3f elementor-section-boxed elementor-section-height-default elementor-section-height-default\" data-id=\"5b5cac3f\" data-element_type=\"section\">\n\t\t\t\t\t\t<div class=\"elementor-container elementor-column-gap-default\">\n\t\t\t\t\t<div class=\"elementor-column elementor-col-100 elementor-top-column elementor-element elementor-element-33ab91ca\" data-id=\"33ab91ca\" data-element_type=\"column\">\n\t\t\t<div class=\"elementor-widget-wrap elementor-element-populated\">\n\t\t\t\t\t\t\t\t<div class=\"elementor-element elementor-element-6d2f75c6 elementor-widget elementor-widget-text-editor\" data-id=\"6d2f75c6\" data-element_type=\"widget\" data-widget_type=\"text-editor.default\">\n\t\t\t\t<div class=\"elementor-widget-container\">\n\t\t\t<style>\/*! elementor - v3.18.0 - 08-12-2023 *\/\n.elementor-widget-text-editor.elementor-drop-cap-view-stacked .elementor-drop-cap{background-color:#69727d;color:#fff}.elementor-widget-text-editor.elementor-drop-cap-view-framed .elementor-drop-cap{color:#69727d;border:3px solid;background-color:transparent}.elementor-widget-text-editor:not(.elementor-drop-cap-view-default) .elementor-drop-cap{margin-top:8px}.elementor-widget-text-editor:not(.elementor-drop-cap-view-default) .elementor-drop-cap-letter{width:1em;height:1em}.elementor-widget-text-editor .elementor-drop-cap{float:left;text-align:center;line-height:1;font-size:50px}.elementor-widget-text-editor .elementor-drop-cap-letter{display:inline-block}<\/style>\t\t\t\t<p style=\"text-align: center;\">Ces activit\u00e9s sont id\u00e9ales pour se <strong>relaxer <\/strong>et<strong> prendre du recul<\/strong> en autonomie en quelques minutes. D\u00e8s les premiers coups de pagaie ou de p\u00e9dales, un sentiment de bout du monde et d\u2019aventure s\u2019impose laissant tout le loisir et le temps de contempler, d\u2019observer et de se fondre dans les paysages sauvages.<\/p><p style=\"text-align: center;\">\u00a0<\/p><p style=\"text-align: center;\">Notre centre est <strong>ouvert tous les jours du 15 juin au 25 ao\u00fbt de 11 \u00e0 18h.<\/strong><br \/>Le <strong>r\u00e9glement<\/strong> de la location se fait une fois sur place <strong>par carte bancaire (prix en Nok).<\/strong><br \/>Nous ne prenons pas de r\u00e9servation \u00e0 l&#8217;avance. Premier arriv\u00e9, premier servi. Passez sur notre base, nous avons 6 kayaks doubles et 4 simples.<\/p><p style=\"text-align: center;\">\u00a0<\/p><p style=\"text-align: center;\">Notre \u00e9quipe est \u00e0 votre service pour vous mettre le mat\u00e9riel en main. <strong>Nos kayaks de randonn\u00e9e sont stables et faciles \u00e0 utiliser m\u00eame sans exp\u00e9rience.<\/strong><\/p><p><img fetchpriority=\"high\" decoding=\"async\" class=\"wp-image-16580 aligncenter\" src=\"https:\/\/69nord.com\/wp-content\/uploads\/2023\/07\/\u200e2025-prix-base-kayak-212x300.jpeg\" alt=\"\" width=\"537\" height=\"759\" srcset=\"https:\/\/69nord.com\/wp-content\/uploads\/2023\/07\/\u200e2025-prix-base-kayak-212x300.jpeg 212w, https:\/\/69nord.com\/wp-content\/uploads\/2023\/07\/\u200e2025-prix-base-kayak-724x1024.jpeg 724w, https:\/\/69nord.com\/wp-content\/uploads\/2023\/07\/\u200e2025-prix-base-kayak-768x1087.jpeg 768w, https:\/\/69nord.com\/wp-content\/uploads\/2023\/07\/\u200e2025-prix-base-kayak-1085x1536.jpeg 1085w, https:\/\/69nord.com\/wp-content\/uploads\/2023\/07\/\u200e2025-prix-base-kayak-600x849.jpeg 600w, https:\/\/69nord.com\/wp-content\/uploads\/2023\/07\/\u200e2025-prix-base-kayak.jpeg 1190w\" sizes=\"(max-width: 537px) 100vw, 537px\" \/><\/p><p style=\"text-align: center;\">Note : La location de mat\u00e9riel se fait seulement de 11 \u00e0 18h mais pas la nuit.<\/p><p style=\"text-align: center;\">\u00a0<\/p>\t\t\t\t\t\t<\/div>\n\t\t\t\t<\/div>\n\t\t\t\t\t<\/div>\n\t\t<\/div>\n\t\t\t\t\t\t\t<\/div>\n\t\t<\/section>\n\t\t\t\t\t\t\t<\/div>\n\t\t","protected":false},"excerpt":{"rendered":"<p><strong>Pas de booking en ligne pour les locations.<br \/>\n<\/strong>Seulement par t\u00e9l\u00e9phone, email ou en passant nous voir. Paiement par carte sur place.<\/p>\n","protected":false},"featured_media":8818,"comment_status":"open","ping_status":"closed","template":"","meta":{"_acf_changed":false,"inline_featured_image":false},"product_brand":[],"product_cat":[76,79],"product_tag":[],"class_list":{"0":"post-10675","1":"product","2":"type-product","3":"status-publish","4":"has-post-thumbnail","6":"product_cat-activites-et-locations","7":"product_cat-location","9":"first","10":"instock","11":"taxable","12":"shipping-taxable","13":"purchasable","14":"product-type-simple"},"acf":[],"_links":{"self":[{"href":"https:\/\/69nord.com\/en\/wp-json\/wp\/v2\/product\/10675","targetHints":{"allow":["GET"]}}],"collection":[{"href":"https:\/\/69nord.com\/en\/wp-json\/wp\/v2\/product"}],"about":[{"href":"https:\/\/69nord.com\/en\/wp-json\/wp\/v2\/types\/product"}],"replies":[{"embeddable":true,"href":"https:\/\/69nord.com\/en\/wp-json\/wp\/v2\/comments?post=10675"}],"version-history":[{"count":23,"href":"https:\/\/69nord.com\/en\/wp-json\/wp\/v2\/product\/10675\/revisions"}],"predecessor-version":[{"id":17995,"href":"https:\/\/69nord.com\/en\/wp-json\/wp\/v2\/product\/10675\/revisions\/17995"}],"wp:featuredmedia":[{"embeddable":true,"href":"https:\/\/69nord.com\/en\/wp-json\/wp\/v2\/media\/8818"}],"wp:attachment":[{"href":"https:\/\/69nord.com\/en\/wp-json\/wp\/v2\/media?parent=10675"}],"wp:term":[{"taxonomy":"product_brand","embeddable":true,"href":"https:\/\/69nord.com\/en\/wp-json\/wp\/v2\/product_brand?post=10675"},{"taxonomy":"product_cat","embeddable":true,"href":"https:\/\/69nord.com\/en\/wp-json\/wp\/v2\/product_cat?post=10675"},{"taxonomy":"product_tag","embeddable":true,"href":"https:\/\/69nord.com\/en\/wp-json\/wp\/v2\/product_tag?post=10675"}],"curies":[{"name":"wp","href":"https:\/\/api.w.org\/{rel}","templated":true}]}}