{"id":8220,"date":"2022-12-12T23:54:19","date_gmt":"2022-12-12T22:54:19","guid":{"rendered":"http:\/\/69nord.com\/produit\/half-day-and-day-guided-trip-the-archipelago-around-sommaroy\/"},"modified":"2026-02-26T15:07:31","modified_gmt":"2026-02-26T14:07:31","slug":"half-day-guided-kayak-trip-sommaroy-archipelago-tromso","status":"publish","type":"product","link":"https:\/\/69nord.com\/en\/produit\/half-day-guided-kayak-trip-sommaroy-archipelago-tromso\/","title":{"rendered":"Half-day guided kayak trip Sommar\u00f8y archipelago, Troms\u00f8"},"content":{"rendered":"<h1 style=\"text-align: center;\"><strong>Half-day guided kayak trip Sommar\u00f8y archipelago, Troms\u00f8<\/strong><\/h1>\n<h2 style=\"text-align: center;\"><strong>Every day at 14am from June 22nd to August 25th. 8 persons max.<\/strong><\/h2>\n<h2 style=\"text-align: center;\">The Sommar\u00f8y archipelago is a natural wonder that spontaneously awakens the souls of explorers.<\/h2>\n<h3 style=\"text-align: center;\">At the end of the road, only the sea offers the opportunity to discover this still wild universe.<\/h3>\n<h3 style=\"text-align: center;\">suddenly&#8230;. you are far away!<\/h3>\n<p>The island of Sommar\u00f8y is located on the west coast of Kval\u00f8ya, 52 km from the centre of Troms\u00f8. It is in the heart of this fortress of islands and coral reefs that the 69Nord team invites you to take a breath of fresh air. Embark a few hours for a navigation in turquoise waters, a slide protected from the swell, at the edge of the fjords and the sea, habitat of otters, puffins, fishing eagles and white-tailed eagles.<br \/>\nBeginners accepted.<br \/>\nChildren accompanied by an adult are accepted from 10 years old<\/p>\n<div class=\"alert alert-info \">\n<p>From 14h to 17h00<\/p>\n<p><strong>We would like to draw your attention to the fact that your reservation will only be confirmed upon receipt of your payment<\/strong>. If payment is not made in advance, you may join the tour on the same day and pay by card on-site.<\/p>\n<h5><\/h5>\n<h5>The price includes:<\/h5>\n<p>The coaching, Hobie sailing kayak or Hobie touring kayak, dry suit if needed, life jacket, waterproof bag, insurance-related sailyak activity.<\/p>\n<h5>The price does not include:<\/h5>\n<p>The picnic, transport to and from Sommar\u00f8y*, personal insurance.<\/p>\n<p><strong>IMPORTANT<\/strong>: If you have reserved a guided activity with payment upon arrival and you change your plans, please let us know at least two hours before the start time out of respect for the guide who prepares the equipment for the outing. Don&#8217;t forget that behind the Apps or the screens, there are humans working to offer you a quality service. Thank you for your cooperation, Team 69Nord<\/p>\n<p><a href=\"https:\/\/bestarctic.com\/the-arctic-route\/bus-between-tromso-and-lofoten-norway\/\" target=\"_blank\" rel=\"noopener\">*: A private bus solution exists in the summer every day from Troms\u00f8 down town<\/a> (journey time 1 hour 15 minutes, price 520 nok\/pers\/round trip)<br \/>\nOutbound Troms\u00f8 down town \/ Sommar\u00f8y: the departure is at 8:45 am from the Scandic Ishavhotel (Troms\u00f8 Center) and the arrival at Sommar\u00f8y Arctic Hotel is 900 meters from our base.<br \/>\nReturn to Sommar\u00f8y Arctic Hotel \/ Troms\u00f8 center: departure is at 19:10 from Sommar\u00f8y Arctic Hotel and arrival at Scandic Ishavhotel.<\/p>\n<\/div>\n","protected":false},"excerpt":{"rendered":"<p>This half-day trip can be easily integrated into a holiday programme. Exploring the Sommar\u00f8y archipelago along the turquoise waters, in silence and in complete safety, allows you to approach the fauna on the deserted islands. Beginners and children from 10 years old if accompanied by an adult accepted.<\/p>\n<p><strong>Departure every day at 2pm from June 22nd to August 25th.<\/strong><br \/>\n<strong>1350 Nok \/person<br \/>\nReservation confirmed only after payment.<br \/>\n<\/strong><\/p>\n<p>&nbsp;<\/p>\n","protected":false},"featured_media":8200,"comment_status":"open","ping_status":"closed","template":"","meta":{"_acf_changed":false,"inline_featured_image":false},"product_brand":[],"product_cat":[108,81],"product_tag":[],"class_list":{"0":"post-8220","1":"product","2":"type-product","3":"status-publish","4":"has-post-thumbnail","6":"product_cat-activity-en","7":"product_cat-sports-equipment-rental","9":"first","10":"instock","11":"virtual","12":"sold-individually","13":"taxable","14":"purchasable","15":"product-type-booking"},"acf":[],"_links":{"self":[{"href":"https:\/\/69nord.com\/en\/wp-json\/wp\/v2\/product\/8220","targetHints":{"allow":["GET"]}}],"collection":[{"href":"https:\/\/69nord.com\/en\/wp-json\/wp\/v2\/product"}],"about":[{"href":"https:\/\/69nord.com\/en\/wp-json\/wp\/v2\/types\/product"}],"replies":[{"embeddable":true,"href":"https:\/\/69nord.com\/en\/wp-json\/wp\/v2\/comments?post=8220"}],"version-history":[{"count":13,"href":"https:\/\/69nord.com\/en\/wp-json\/wp\/v2\/product\/8220\/revisions"}],"predecessor-version":[{"id":18246,"href":"https:\/\/69nord.com\/en\/wp-json\/wp\/v2\/product\/8220\/revisions\/18246"}],"wp:featuredmedia":[{"embeddable":true,"href":"https:\/\/69nord.com\/en\/wp-json\/wp\/v2\/media\/8200"}],"wp:attachment":[{"href":"https:\/\/69nord.com\/en\/wp-json\/wp\/v2\/media?parent=8220"}],"wp:term":[{"taxonomy":"product_brand","embeddable":true,"href":"https:\/\/69nord.com\/en\/wp-json\/wp\/v2\/product_brand?post=8220"},{"taxonomy":"product_cat","embeddable":true,"href":"https:\/\/69nord.com\/en\/wp-json\/wp\/v2\/product_cat?post=8220"},{"taxonomy":"product_tag","embeddable":true,"href":"https:\/\/69nord.com\/en\/wp-json\/wp\/v2\/product_tag?post=8220"}],"curies":[{"name":"wp","href":"https:\/\/api.w.org\/{rel}","templated":true}]}}